{"id":18891,"date":"2024-07-08T13:28:46","date_gmt":"2024-07-08T13:28:46","guid":{"rendered":"https:\/\/gsalbayane.ma\/site\/?page_id=18891"},"modified":"2024-07-08T13:54:10","modified_gmt":"2024-07-08T13:54:10","slug":"notre-campus","status":"publish","type":"page","link":"https:\/\/gsalbayane.ma\/site\/notre-campus\/","title":{"rendered":"Notre Campus"},"content":{"rendered":"\t\t<div data-elementor-type=\"wp-page\" data-elementor-id=\"18891\" class=\"elementor elementor-18891\">\n\t\t\t\t<div class=\"elementor-element elementor-element-31e40f0 e-flex e-con-boxed e-con e-parent\" data-id=\"31e40f0\" data-element_type=\"container\" data-settings=\"{&quot;background_background&quot;:&quot;classic&quot;}\">\n\t\t\t\t\t<div class=\"e-con-inner\">\n\t\t<div class=\"elementor-element elementor-element-aa43f72 e-con-full e-flex e-con e-child\" data-id=\"aa43f72\" data-element_type=\"container\">\n\t\t\t\t<div class=\"elementor-element elementor-element-6d58ed8 elementor-invisible elementor-widget elementor-widget-custom-title-addons\" data-id=\"6d58ed8\" data-element_type=\"widget\" data-settings=\"{&quot;_animation&quot;:&quot;edubin--slide-up&quot;}\" data-widget_type=\"custom-title-addons.default\">\n\t\t\t\t<div class=\"elementor-widget-container\">\n\t\t\t<div class=\"tpc-double_heading\"><h1 class=\"dbl__title-wrapper\"><span class=\"dbl__title dbl-title_1\">Notre Campus<\/span><\/h1><\/div>\t\t<\/div>\n\t\t\t\t<\/div>\n\t\t\t\t<\/div>\n\t\t<div class=\"elementor-element elementor-element-8d0be5c e-con-full e-flex e-con e-child\" data-id=\"8d0be5c\" data-element_type=\"container\">\n\t\t<div class=\"elementor-element elementor-element-abb4249 e-con-full e-flex e-con e-child\" data-id=\"abb4249\" data-element_type=\"container\">\n\t\t\t\t<div class=\"elementor-element elementor-element-8238d9c elementor-invisible elementor-widget elementor-widget-text-editor\" data-id=\"8238d9c\" data-element_type=\"widget\" data-settings=\"{&quot;_animation&quot;:&quot;edubin--slide-up&quot;}\" data-widget_type=\"text-editor.default\">\n\t\t\t\t<div class=\"elementor-widget-container\">\n\t\t\t<style>\/*! elementor - v3.22.0 - 26-06-2024 *\/\n.elementor-widget-text-editor.elementor-drop-cap-view-stacked .elementor-drop-cap{background-color:#69727d;color:#fff}.elementor-widget-text-editor.elementor-drop-cap-view-framed .elementor-drop-cap{color:#69727d;border:3px solid;background-color:transparent}.elementor-widget-text-editor:not(.elementor-drop-cap-view-default) .elementor-drop-cap{margin-top:8px}.elementor-widget-text-editor:not(.elementor-drop-cap-view-default) .elementor-drop-cap-letter{width:1em;height:1em}.elementor-widget-text-editor .elementor-drop-cap{float:left;text-align:center;line-height:1;font-size:50px}.elementor-widget-text-editor .elementor-drop-cap-letter{display:inline-block}<\/style>\t\t\t\t<p>Le Groupe scolaire Al Bayane dispose d\u2019un campus \u00e0 Temara, qui propose des installations modernes qui r\u00e9pondent \u00e0 toutes les normes en vigueur. Il est essentiel de veiller \u00e0 ce que chaque \u00e9l\u00e8ve puisse s&#8217;y \u00e9panouir et y \u00e9tudier dans les meilleures conditions. Notre campus comporte des classes qui offrent des outils digitaux derniers cris , un auditorium, des salles d&#8217;informatiques, une piscine couverte, une salle couverte omnisports , etc. Une cantine am\u00e9nag\u00e9e est mise \u00e0 la disposition des enfants afin d\u2019offrir toutes les conditions pour le bien-\u00eatre de nos \u00e9l\u00e8ves.<\/p>\t\t\t\t\t\t<\/div>\n\t\t\t\t<\/div>\n\t\t\t\t<\/div>\n\t\t\t\t<\/div>\n\t\t\t\t<div class=\"elementor-element elementor-element-aa3212c elementor-absolute elementor-widget elementor-widget-edubin-animation\" data-id=\"aa3212c\" data-element_type=\"widget\" data-settings=\"{&quot;_position&quot;:&quot;absolute&quot;}\" data-widget_type=\"edubin-animation.default\">\n\t\t\t\t<div class=\"elementor-widget-container\">\n\t\t\t<div class=\"edubin-animation-widget edubin-animation-display-type-infinite-animation edubin-animation-content-type-image\"><img decoding=\"async\" src=\"https:\/\/gsalbayane.ma\/site\/wp-content\/uploads\/2024\/04\/EDUBIN0347.png\" alt=\"EDUBIN0347.png\"><\/div>\t\t<\/div>\n\t\t\t\t<\/div>\n\t\t\t\t<div class=\"elementor-element elementor-element-b64617c elementor-absolute elementor-widget elementor-widget-edubin-animation\" data-id=\"b64617c\" data-element_type=\"widget\" data-settings=\"{&quot;_position&quot;:&quot;absolute&quot;}\" data-widget_type=\"edubin-animation.default\">\n\t\t\t\t<div class=\"elementor-widget-container\">\n\t\t\t<div class=\"edubin-animation-widget edubin-animation-display-type-parallax edubin-animation-content-type-image edubin-parallax-item\" data-parallax=\"{&quot;x&quot;: 0, &quot;y&quot;: 110, &quot;rotateX&quot;: 0, &quot;rotateY&quot;: 0, &quot;rotateZ&quot;: 0, &quot;scale&quot;: 1}\"><img decoding=\"async\" src=\"https:\/\/gsalbayane.ma\/site\/wp-content\/uploads\/2024\/04\/EDUBIN0349.png\" alt=\"EDUBIN0349.png\"><\/div>\t\t<\/div>\n\t\t\t\t<\/div>\n\t\t\t\t\t<\/div>\n\t\t\t\t<\/div>\n\t\t<div class=\"elementor-element elementor-element-8139340 e-flex e-con-boxed e-con e-parent\" data-id=\"8139340\" data-element_type=\"container\" data-settings=\"{&quot;background_background&quot;:&quot;classic&quot;}\">\n\t\t\t\t\t<div class=\"e-con-inner\">\n\t\t\t\t<div class=\"elementor-element elementor-element-755f121 elementor-invisible elementor-widget elementor-widget-heading\" data-id=\"755f121\" data-element_type=\"widget\" data-settings=\"{&quot;_animation&quot;:&quot;edubin--slide-up&quot;,&quot;_animation_delay&quot;:150}\" data-widget_type=\"heading.default\">\n\t\t\t\t<div class=\"elementor-widget-container\">\n\t\t\t<style>\/*! elementor - v3.22.0 - 26-06-2024 *\/\n.elementor-heading-title{padding:0;margin:0;line-height:1}.elementor-widget-heading .elementor-heading-title[class*=elementor-size-]>a{color:inherit;font-size:inherit;line-height:inherit}.elementor-widget-heading .elementor-heading-title.elementor-size-small{font-size:15px}.elementor-widget-heading .elementor-heading-title.elementor-size-medium{font-size:19px}.elementor-widget-heading .elementor-heading-title.elementor-size-large{font-size:29px}.elementor-widget-heading .elementor-heading-title.elementor-size-xl{font-size:39px}.elementor-widget-heading .elementor-heading-title.elementor-size-xxl{font-size:59px}<\/style><p class=\"elementor-heading-title elementor-size-default\"><H2 style=\"color:yellow\">Un site exceptionnel<\/H2>\n<p style=\"color:white\"><strong>Le Groupe scolaire Al Bayane dispose d\u2019un campus \u00e0 Temara, qui propose des installations modernes qui r\u00e9pondent \u00e0 toutes les normes en vigueur. Le nombre de classes est autour de 90 salles \u00e9quip\u00e9es.<\/strong><\/p><\/p>\t\t<\/div>\n\t\t\t\t<\/div>\n\t\t\t\t\t<\/div>\n\t\t\t\t<\/div>\n\t\t<div class=\"elementor-element elementor-element-25825a9 e-flex e-con-boxed e-con e-parent\" data-id=\"25825a9\" data-element_type=\"container\">\n\t\t\t\t\t<div class=\"e-con-inner\">\n\t\t\t\t<div class=\"elementor-element elementor-element-7789132 elementor-widget elementor-widget-spacer\" data-id=\"7789132\" data-element_type=\"widget\" data-widget_type=\"spacer.default\">\n\t\t\t\t<div class=\"elementor-widget-container\">\n\t\t\t<style>\/*! elementor - v3.22.0 - 26-06-2024 *\/\n.elementor-column .elementor-spacer-inner{height:var(--spacer-size)}.e-con{--container-widget-width:100%}.e-con-inner>.elementor-widget-spacer,.e-con>.elementor-widget-spacer{width:var(--container-widget-width,var(--spacer-size));--align-self:var(--container-widget-align-self,initial);--flex-shrink:0}.e-con-inner>.elementor-widget-spacer>.elementor-widget-container,.e-con>.elementor-widget-spacer>.elementor-widget-container{height:100%;width:100%}.e-con-inner>.elementor-widget-spacer>.elementor-widget-container>.elementor-spacer,.e-con>.elementor-widget-spacer>.elementor-widget-container>.elementor-spacer{height:100%}.e-con-inner>.elementor-widget-spacer>.elementor-widget-container>.elementor-spacer>.elementor-spacer-inner,.e-con>.elementor-widget-spacer>.elementor-widget-container>.elementor-spacer>.elementor-spacer-inner{height:var(--container-widget-height,var(--spacer-size))}.e-con-inner>.elementor-widget-spacer.elementor-widget-empty,.e-con>.elementor-widget-spacer.elementor-widget-empty{position:relative;min-height:22px;min-width:22px}.e-con-inner>.elementor-widget-spacer.elementor-widget-empty .elementor-widget-empty-icon,.e-con>.elementor-widget-spacer.elementor-widget-empty .elementor-widget-empty-icon{position:absolute;top:0;bottom:0;left:0;right:0;margin:auto;padding:0;width:22px;height:22px}<\/style>\t\t<div class=\"elementor-spacer\">\n\t\t\t<div class=\"elementor-spacer-inner\"><\/div>\n\t\t<\/div>\n\t\t\t\t<\/div>\n\t\t\t\t<\/div>\n\t\t\t\t\t<\/div>\n\t\t\t\t<\/div>\n\t\t<div class=\"elementor-element elementor-element-45c0f88 e-flex e-con-boxed e-con e-parent\" data-id=\"45c0f88\" data-element_type=\"container\" data-settings=\"{&quot;background_background&quot;:&quot;classic&quot;}\">\n\t\t\t\t\t<div class=\"e-con-inner\">\n\t\t\t\t<div class=\"elementor-element elementor-element-02a3e2a elementor-invisible elementor-widget elementor-widget-heading\" data-id=\"02a3e2a\" data-element_type=\"widget\" data-settings=\"{&quot;_animation&quot;:&quot;edubin--slide-up&quot;,&quot;_animation_delay&quot;:150}\" data-widget_type=\"heading.default\">\n\t\t\t\t<div class=\"elementor-widget-container\">\n\t\t\t<p class=\"elementor-heading-title elementor-size-default\"><H2 style=\"color:yellow\">Piscine<\/H2>\n<p style=\"color:white\"><strong>La natation est devenue tr\u00e8s importante en milieu scolaire et c'est l'une des priorit\u00e9s du groupe scolaire Albayane. Depuis la maternelle jusqu\u2019au lyc\u00e9e, les enfants b\u00e9n\u00e9ficient du mat\u00e9riels et des installations n\u00e9cessaires au bon d\u00e9roulement d\u2019une s\u00e9ance de natation scolaire.<\/strong><\/p><\/p>\t\t<\/div>\n\t\t\t\t<\/div>\n\t\t\t\t\t<\/div>\n\t\t\t\t<\/div>\n\t\t<div class=\"elementor-element elementor-element-0205b41 e-flex e-con-boxed e-con e-parent\" data-id=\"0205b41\" data-element_type=\"container\">\n\t\t\t\t\t<div class=\"e-con-inner\">\n\t\t\t\t<div class=\"elementor-element elementor-element-66db42c elementor-widget elementor-widget-spacer\" data-id=\"66db42c\" data-element_type=\"widget\" data-widget_type=\"spacer.default\">\n\t\t\t\t<div class=\"elementor-widget-container\">\n\t\t\t\t\t<div class=\"elementor-spacer\">\n\t\t\t<div class=\"elementor-spacer-inner\"><\/div>\n\t\t<\/div>\n\t\t\t\t<\/div>\n\t\t\t\t<\/div>\n\t\t\t\t\t<\/div>\n\t\t\t\t<\/div>\n\t\t<div class=\"elementor-element elementor-element-add17b6 e-flex e-con-boxed e-con e-parent\" data-id=\"add17b6\" data-element_type=\"container\" data-settings=\"{&quot;background_background&quot;:&quot;classic&quot;}\">\n\t\t\t\t\t<div class=\"e-con-inner\">\n\t\t\t\t<div class=\"elementor-element elementor-element-a4beeaf elementor-invisible elementor-widget elementor-widget-heading\" data-id=\"a4beeaf\" data-element_type=\"widget\" data-settings=\"{&quot;_animation&quot;:&quot;edubin--slide-up&quot;,&quot;_animation_delay&quot;:150}\" data-widget_type=\"heading.default\">\n\t\t\t\t<div class=\"elementor-widget-container\">\n\t\t\t<p class=\"elementor-heading-title elementor-size-default\"><H2 style=\"color:yellow\">Salle Omnisports<\/H2>\n<p style=\"color:white\"><strong>Les installations sportives du groupe scolaire Albayane reposent pour l\u2019essentiel d'un grande salle omnisports polyvalente et un espace avec gazon artificiel, etc.<\/strong><\/p><\/p>\t\t<\/div>\n\t\t\t\t<\/div>\n\t\t\t\t\t<\/div>\n\t\t\t\t<\/div>\n\t\t<div class=\"elementor-element elementor-element-9e561cf e-flex e-con-boxed e-con e-parent\" data-id=\"9e561cf\" data-element_type=\"container\">\n\t\t\t\t\t<div class=\"e-con-inner\">\n\t\t\t\t<div class=\"elementor-element elementor-element-1c8bd76 elementor-widget elementor-widget-spacer\" data-id=\"1c8bd76\" data-element_type=\"widget\" data-widget_type=\"spacer.default\">\n\t\t\t\t<div class=\"elementor-widget-container\">\n\t\t\t\t\t<div class=\"elementor-spacer\">\n\t\t\t<div class=\"elementor-spacer-inner\"><\/div>\n\t\t<\/div>\n\t\t\t\t<\/div>\n\t\t\t\t<\/div>\n\t\t\t\t\t<\/div>\n\t\t\t\t<\/div>\n\t\t<div class=\"elementor-element elementor-element-a4c853a e-flex e-con-boxed e-con e-parent\" data-id=\"a4c853a\" data-element_type=\"container\" data-settings=\"{&quot;background_background&quot;:&quot;classic&quot;}\">\n\t\t\t\t\t<div class=\"e-con-inner\">\n\t\t\t\t<div class=\"elementor-element elementor-element-da4e302 elementor-invisible elementor-widget elementor-widget-heading\" data-id=\"da4e302\" data-element_type=\"widget\" data-settings=\"{&quot;_animation&quot;:&quot;edubin--slide-up&quot;,&quot;_animation_delay&quot;:150}\" data-widget_type=\"heading.default\">\n\t\t\t\t<div class=\"elementor-widget-container\">\n\t\t\t<p class=\"elementor-heading-title elementor-size-default\"><H2 style=\"color:yellow\">Amphith\u00e9\u00e2tre<\/H2>\n<p style=\"color:white\"><strong>Groupe scolaire Albayane b\u00e9n\u00e9ficie d\u2019un amphith\u00e9\u00e2tre de grande qualit\u00e9 vue sa configuration et sa superficie et en installations. Et ce, afin de dispenser des cours, des spectacles, des conf\u00e9rences, etc. Cet espace amphith\u00e9\u00e2tre dispose d\u2019une une contenance allant jusqu\u2019\u00e0 340 personnes.<\/strong><\/p><\/p>\t\t<\/div>\n\t\t\t\t<\/div>\n\t\t\t\t\t<\/div>\n\t\t\t\t<\/div>\n\t\t\t\t<\/div>\n\t\t","protected":false},"excerpt":{"rendered":"<p>Notre Campus Le Groupe scolaire Al Bayane dispose d\u2019un campus \u00e0 Temara, qui propose des installations modernes qui r\u00e9pondent \u00e0 toutes les normes en vigueur. Il est essentiel de veiller \u00e0 ce que chaque \u00e9l\u00e8ve puisse s&#8217;y \u00e9panouir et y \u00e9tudier dans les meilleures conditions. Notre campus comporte des classes qui offrent des outils digitaux&#8230;<\/p>\n","protected":false},"author":1,"featured_media":0,"parent":0,"menu_order":0,"comment_status":"closed","ping_status":"closed","template":"","meta":{"footnotes":""},"class_list":["post-18891","page","type-page","status-publish","hentry"],"_links":{"self":[{"href":"https:\/\/gsalbayane.ma\/site\/wp-json\/wp\/v2\/pages\/18891","targetHints":{"allow":["GET"]}}],"collection":[{"href":"https:\/\/gsalbayane.ma\/site\/wp-json\/wp\/v2\/pages"}],"about":[{"href":"https:\/\/gsalbayane.ma\/site\/wp-json\/wp\/v2\/types\/page"}],"author":[{"embeddable":true,"href":"https:\/\/gsalbayane.ma\/site\/wp-json\/wp\/v2\/users\/1"}],"replies":[{"embeddable":true,"href":"https:\/\/gsalbayane.ma\/site\/wp-json\/wp\/v2\/comments?post=18891"}],"version-history":[{"count":13,"href":"https:\/\/gsalbayane.ma\/site\/wp-json\/wp\/v2\/pages\/18891\/revisions"}],"predecessor-version":[{"id":18923,"href":"https:\/\/gsalbayane.ma\/site\/wp-json\/wp\/v2\/pages\/18891\/revisions\/18923"}],"wp:attachment":[{"href":"https:\/\/gsalbayane.ma\/site\/wp-json\/wp\/v2\/media?parent=18891"}],"curies":[{"name":"wp","href":"https:\/\/api.w.org\/{rel}","templated":true}]}}