{"id":2315,"date":"2024-01-15T10:12:32","date_gmt":"2024-01-15T10:12:32","guid":{"rendered":"https:\/\/thepixelcurve.com\/edubin\/lp\/?page_id=2315"},"modified":"2024-07-02T11:40:32","modified_gmt":"2024-07-02T11:40:32","slug":"reglement_interieur","status":"publish","type":"page","link":"https:\/\/gsalbayane.ma\/site\/reglement_interieur\/","title":{"rendered":"R\u00e8glement int\u00e9rieur"},"content":{"rendered":"\t\t<div data-elementor-type=\"wp-page\" data-elementor-id=\"2315\" class=\"elementor elementor-2315\">\n\t\t\t\t<div class=\"elementor-element elementor-element-81ea98a e-flex e-con-boxed e-con e-parent\" data-id=\"81ea98a\" data-element_type=\"container\" data-settings=\"{&quot;background_background&quot;:&quot;classic&quot;}\">\n\t\t\t\t\t<div class=\"e-con-inner\">\n\t\t<div class=\"elementor-element elementor-element-96b2d92 e-con-full e-flex e-con e-child\" data-id=\"96b2d92\" data-element_type=\"container\" data-settings=\"{&quot;background_background&quot;:&quot;classic&quot;}\">\n\t\t\t\t<div class=\"elementor-element elementor-element-32a61e8 elementor-widget elementor-widget-custom-title-addons\" data-id=\"32a61e8\" data-element_type=\"widget\" data-widget_type=\"custom-title-addons.default\">\n\t\t\t\t<div class=\"elementor-widget-container\">\n\t\t\t<div class=\"tpc-double_heading\"><h3 class=\"dbl__title-wrapper\"><span class=\"dbl__title dbl-title_1\">R\u00e8glement int\u00e9rieur<\/span><\/h3><\/div>\t\t<\/div>\n\t\t\t\t<\/div>\n\t\t\t\t<div class=\"elementor-element elementor-element-9d73d80 elementor-widget__width-initial elementor-widget elementor-widget-text-editor\" data-id=\"9d73d80\" data-element_type=\"widget\" data-widget_type=\"text-editor.default\">\n\t\t\t\t<div class=\"elementor-widget-container\">\n\t\t\t<style>\/*! elementor - v3.22.0 - 26-06-2024 *\/\n.elementor-widget-text-editor.elementor-drop-cap-view-stacked .elementor-drop-cap{background-color:#69727d;color:#fff}.elementor-widget-text-editor.elementor-drop-cap-view-framed .elementor-drop-cap{color:#69727d;border:3px solid;background-color:transparent}.elementor-widget-text-editor:not(.elementor-drop-cap-view-default) .elementor-drop-cap{margin-top:8px}.elementor-widget-text-editor:not(.elementor-drop-cap-view-default) .elementor-drop-cap-letter{width:1em;height:1em}.elementor-widget-text-editor .elementor-drop-cap{float:left;text-align:center;line-height:1;font-size:50px}.elementor-widget-text-editor .elementor-drop-cap-letter{display:inline-block}<\/style>\t\t\t\t<p>Les r\u00e8gles d\u00e9finies dans le r\u00e8glement int\u00e9rieur s\u2019imposant \u00e0 tous les membres de la communaut\u00e9 \u00e9ducative. Il est valid\u00e9 par le Conseil d\u2019Ecole et sign\u00e9 par les diff\u00e9rentes parties.<br \/>Conform\u00e9ment \u00e0 la l\u00e9gislation en vigueur, ce r\u00e8glement int\u00e9rieur sera soumis, chaque ann\u00e9e, au Conseil d\u2019Ecole.Il sera alors approuv\u00e9 tel qu\u2019il est ou modifi\u00e9.<br \/>Non seulement affich\u00e9 dans l\u2019\u00e9cole, il sera aussi remis aux parents d\u2019\u00e9l\u00e8ves pour signature afin que son application dans son int\u00e9gralit\u00e9 soit effective.<\/p>\t\t\t\t\t\t<\/div>\n\t\t\t\t<\/div>\n\t\t\t\t<div class=\"elementor-element elementor-element-f7b1064 elementor-widget elementor-widget-edubin-button\" data-id=\"f7b1064\" data-element_type=\"widget\" data-widget_type=\"edubin-button.default\">\n\t\t\t\t<div class=\"elementor-widget-container\">\n\t\t\t<div class=\"edubin-button-widget-wrapper\"><a class=\"edubin-btn edubin-btn-custom edubin-btn-size-custom\" href=\"https:\/\/gsalbayane.ma\/wp-content\/uploads\/2021\/04\/Reglement-interieur-du-groupe-scolaire-Al-Bayane.pdf\">T\u00e9l\u00e9charger le document complet<\/a><\/div>\t\t<\/div>\n\t\t\t\t<\/div>\n\t\t\t\t<\/div>\n\t\t\t\t\t<\/div>\n\t\t\t\t<\/div>\n\t\t\t\t<\/div>\n\t\t","protected":false},"excerpt":{"rendered":"<p>R\u00e8glement int\u00e9rieur Les r\u00e8gles d\u00e9finies dans le r\u00e8glement int\u00e9rieur s\u2019imposant \u00e0 tous les membres de la communaut\u00e9 \u00e9ducative. Il est valid\u00e9 par le Conseil d\u2019Ecole et sign\u00e9 par les diff\u00e9rentes parties.Conform\u00e9ment \u00e0 la l\u00e9gislation en vigueur, ce r\u00e8glement int\u00e9rieur sera soumis, chaque ann\u00e9e, au Conseil d\u2019Ecole.Il sera alors approuv\u00e9 tel qu\u2019il est ou modifi\u00e9.Non seulement&#8230;<\/p>\n","protected":false},"author":1,"featured_media":0,"parent":0,"menu_order":0,"comment_status":"closed","ping_status":"closed","template":"","meta":{"footnotes":""},"class_list":["post-2315","page","type-page","status-publish","hentry"],"_links":{"self":[{"href":"https:\/\/gsalbayane.ma\/site\/wp-json\/wp\/v2\/pages\/2315","targetHints":{"allow":["GET"]}}],"collection":[{"href":"https:\/\/gsalbayane.ma\/site\/wp-json\/wp\/v2\/pages"}],"about":[{"href":"https:\/\/gsalbayane.ma\/site\/wp-json\/wp\/v2\/types\/page"}],"author":[{"embeddable":true,"href":"https:\/\/gsalbayane.ma\/site\/wp-json\/wp\/v2\/users\/1"}],"replies":[{"embeddable":true,"href":"https:\/\/gsalbayane.ma\/site\/wp-json\/wp\/v2\/comments?post=2315"}],"version-history":[{"count":16,"href":"https:\/\/gsalbayane.ma\/site\/wp-json\/wp\/v2\/pages\/2315\/revisions"}],"predecessor-version":[{"id":18651,"href":"https:\/\/gsalbayane.ma\/site\/wp-json\/wp\/v2\/pages\/2315\/revisions\/18651"}],"wp:attachment":[{"href":"https:\/\/gsalbayane.ma\/site\/wp-json\/wp\/v2\/media?parent=2315"}],"curies":[{"name":"wp","href":"https:\/\/api.w.org\/{rel}","templated":true}]}}