{"id":6316,"date":"2024-02-07T10:21:13","date_gmt":"2024-02-07T10:21:13","guid":{"rendered":"https:\/\/thepixelcurve.com\/edubin\/ld\/?page_id=6316"},"modified":"2024-07-22T13:13:03","modified_gmt":"2024-07-22T13:13:03","slug":"nos-axes-pedagogiques","status":"publish","type":"page","link":"https:\/\/gsalbayane.ma\/site\/nos-axes-pedagogiques\/","title":{"rendered":"Nos Axes P\u00e9dagogiques"},"content":{"rendered":"\t\t<div data-elementor-type=\"wp-page\" data-elementor-id=\"6316\" class=\"elementor elementor-6316\">\n\t\t\t\t<div class=\"elementor-element elementor-element-1fa7ba8 e-con-full e-flex e-con e-parent\" data-id=\"1fa7ba8\" data-element_type=\"container\" data-settings=\"{&quot;background_background&quot;:&quot;classic&quot;}\">\n\t\t\t\t<div class=\"elementor-element elementor-element-3f881f6 elementor-invisible elementor-widget elementor-widget-custom-title-addons\" data-id=\"3f881f6\" data-element_type=\"widget\" data-settings=\"{&quot;_animation&quot;:&quot;edubin--slide-up&quot;}\" data-widget_type=\"custom-title-addons.default\">\n\t\t\t\t<div class=\"elementor-widget-container\">\n\t\t\t<div class=\"tpc-double_heading\"><h3 class=\"dbl__title-wrapper\"><span class=\"dbl__title dbl-title_1\">Nos <\/span><span class=\"dbl__title dbl-title_2\"style=\"position:relative;\" >Axes P\u00e9dagogiques <span class=\"shape-bg \"><span class=\"shape__svg\"><svg \n                    xmlns=\"http:\/\/www.w3.org\/2000\/svg\"\n                    xmlns:xlink=\"http:\/\/www.w3.org\/1999\/xlink\"\n                    width=\"145.5px\" height=\"16.5px\">\n                    <path fill-rule=\"evenodd\"  stroke=\"green\" stroke-width=\"1px\" stroke-linecap=\"butt\" stroke-linejoin=\"miter\" fill=\"none\"\n                    d=\"M0.500,14.500 C0.500,14.500 57.500,-9.500 144.500,6.500 \"\/>\n                    <\/svg><\/span><\/span><\/span><span class=\"dbl__title dbl-title_3\">\u00e0 GSBA<\/span><\/h3><\/div>\t\t<\/div>\n\t\t\t\t<\/div>\n\t\t\t\t<div class=\"elementor-element elementor-element-f84d9d7 elementor-widget elementor-widget-spacer\" data-id=\"f84d9d7\" data-element_type=\"widget\" data-widget_type=\"spacer.default\">\n\t\t\t\t<div class=\"elementor-widget-container\">\n\t\t\t<style>\/*! elementor - v3.22.0 - 26-06-2024 *\/\n.elementor-column .elementor-spacer-inner{height:var(--spacer-size)}.e-con{--container-widget-width:100%}.e-con-inner>.elementor-widget-spacer,.e-con>.elementor-widget-spacer{width:var(--container-widget-width,var(--spacer-size));--align-self:var(--container-widget-align-self,initial);--flex-shrink:0}.e-con-inner>.elementor-widget-spacer>.elementor-widget-container,.e-con>.elementor-widget-spacer>.elementor-widget-container{height:100%;width:100%}.e-con-inner>.elementor-widget-spacer>.elementor-widget-container>.elementor-spacer,.e-con>.elementor-widget-spacer>.elementor-widget-container>.elementor-spacer{height:100%}.e-con-inner>.elementor-widget-spacer>.elementor-widget-container>.elementor-spacer>.elementor-spacer-inner,.e-con>.elementor-widget-spacer>.elementor-widget-container>.elementor-spacer>.elementor-spacer-inner{height:var(--container-widget-height,var(--spacer-size))}.e-con-inner>.elementor-widget-spacer.elementor-widget-empty,.e-con>.elementor-widget-spacer.elementor-widget-empty{position:relative;min-height:22px;min-width:22px}.e-con-inner>.elementor-widget-spacer.elementor-widget-empty .elementor-widget-empty-icon,.e-con>.elementor-widget-spacer.elementor-widget-empty .elementor-widget-empty-icon{position:absolute;top:0;bottom:0;left:0;right:0;margin:auto;padding:0;width:22px;height:22px}<\/style>\t\t<div class=\"elementor-spacer\">\n\t\t\t<div class=\"elementor-spacer-inner\"><\/div>\n\t\t<\/div>\n\t\t\t\t<\/div>\n\t\t\t\t<\/div>\n\t\t<div class=\"elementor-element elementor-element-071d91b e-grid e-con-full e-con e-child\" data-id=\"071d91b\" data-element_type=\"container\">\n\t\t\t\t<div class=\"elementor-element elementor-element-9e5282e elementor-position-top elementor-invisible elementor-widget elementor-widget-image-box\" data-id=\"9e5282e\" data-element_type=\"widget\" data-settings=\"{&quot;_animation&quot;:&quot;edubin--slide-up&quot;}\" data-widget_type=\"image-box.default\">\n\t\t\t\t<div class=\"elementor-widget-container\">\n\t\t\t<style>\/*! elementor - v3.22.0 - 26-06-2024 *\/\n.elementor-widget-image-box .elementor-image-box-content{width:100%}@media (min-width:768px){.elementor-widget-image-box.elementor-position-left .elementor-image-box-wrapper,.elementor-widget-image-box.elementor-position-right .elementor-image-box-wrapper{display:flex}.elementor-widget-image-box.elementor-position-right .elementor-image-box-wrapper{text-align:end;flex-direction:row-reverse}.elementor-widget-image-box.elementor-position-left .elementor-image-box-wrapper{text-align:start;flex-direction:row}.elementor-widget-image-box.elementor-position-top .elementor-image-box-img{margin:auto}.elementor-widget-image-box.elementor-vertical-align-top .elementor-image-box-wrapper{align-items:flex-start}.elementor-widget-image-box.elementor-vertical-align-middle .elementor-image-box-wrapper{align-items:center}.elementor-widget-image-box.elementor-vertical-align-bottom .elementor-image-box-wrapper{align-items:flex-end}}@media (max-width:767px){.elementor-widget-image-box .elementor-image-box-img{margin-left:auto!important;margin-right:auto!important;margin-bottom:15px}}.elementor-widget-image-box .elementor-image-box-img{display:inline-block}.elementor-widget-image-box .elementor-image-box-title a{color:inherit}.elementor-widget-image-box .elementor-image-box-wrapper{text-align:center}.elementor-widget-image-box .elementor-image-box-description{margin:0}<\/style><div class=\"elementor-image-box-wrapper\"><figure class=\"elementor-image-box-img\"><img decoding=\"async\" width=\"150\" height=\"150\" src=\"https:\/\/gsalbayane.ma\/site\/wp-content\/uploads\/2024\/07\/citizens_10005282-150x150.png\" class=\"attachment-thumbnail size-thumbnail wp-image-18700\" alt=\"\" srcset=\"https:\/\/gsalbayane.ma\/site\/wp-content\/uploads\/2024\/07\/citizens_10005282-150x150.png 150w, https:\/\/gsalbayane.ma\/site\/wp-content\/uploads\/2024\/07\/citizens_10005282-300x300.png 300w, https:\/\/gsalbayane.ma\/site\/wp-content\/uploads\/2024\/07\/citizens_10005282-100x100.png 100w, https:\/\/gsalbayane.ma\/site\/wp-content\/uploads\/2024\/07\/citizens_10005282.png 512w\" sizes=\"(max-width: 150px) 100vw, 150px\" \/><\/figure><div class=\"elementor-image-box-content\"><h3 class=\"elementor-image-box-title\">CONNECTIVIT\u00c9<\/h3><p class=\"elementor-image-box-description\">Nous sommes un groupe scolaire qui se dit digital car nous accordons une place capitale au bon usage des nouvelles technologies, pour apprendre \u00e0 l\u2019enfant \u00e0 les exploiter \u00e0 bon escient.<\/p><\/div><\/div>\t\t<\/div>\n\t\t\t\t<\/div>\n\t\t\t\t<div class=\"elementor-element elementor-element-aee13a6 elementor-position-top elementor-invisible elementor-widget elementor-widget-image-box\" data-id=\"aee13a6\" data-element_type=\"widget\" data-settings=\"{&quot;_animation&quot;:&quot;edubin--slide-up&quot;}\" data-widget_type=\"image-box.default\">\n\t\t\t\t<div class=\"elementor-widget-container\">\n\t\t\t<div class=\"elementor-image-box-wrapper\"><figure class=\"elementor-image-box-img\"><img decoding=\"async\" width=\"150\" height=\"150\" src=\"https:\/\/gsalbayane.ma\/site\/wp-content\/uploads\/2024\/07\/language_5122122-150x150.png\" class=\"attachment-thumbnail size-thumbnail wp-image-18701\" alt=\"\" srcset=\"https:\/\/gsalbayane.ma\/site\/wp-content\/uploads\/2024\/07\/language_5122122-150x150.png 150w, https:\/\/gsalbayane.ma\/site\/wp-content\/uploads\/2024\/07\/language_5122122-300x300.png 300w, https:\/\/gsalbayane.ma\/site\/wp-content\/uploads\/2024\/07\/language_5122122-100x100.png 100w, https:\/\/gsalbayane.ma\/site\/wp-content\/uploads\/2024\/07\/language_5122122.png 512w\" sizes=\"(max-width: 150px) 100vw, 150px\" \/><\/figure><div class=\"elementor-image-box-content\"><h3 class=\"elementor-image-box-title\">PLURILINGUISME<\/h3><p class=\"elementor-image-box-description\">Commencer l\u2019apprentissage d\u2019une langue \u00e9trang\u00e8re tr\u00e8s t\u00f4t pour un enfant peut s\u2019av\u00e9rer primordial pour le d\u00e9velopper de leur comp\u00e9tences plurilingues. Au groupe scolaire Albayane, nous donnons aux trois langues Arabe, Fran\u00e7ais et Anglais, le m\u00eame degr\u00e9s d\u2019importance. Car \u00e0 eux trois, ils constituent le socle de notre vision p\u00e9dagogique.<\/p><\/div><\/div>\t\t<\/div>\n\t\t\t\t<\/div>\n\t\t\t\t<div class=\"elementor-element elementor-element-8be1077 elementor-position-top elementor-invisible elementor-widget elementor-widget-image-box\" data-id=\"8be1077\" data-element_type=\"widget\" data-settings=\"{&quot;_animation&quot;:&quot;edubin--slide-up&quot;}\" data-widget_type=\"image-box.default\">\n\t\t\t\t<div class=\"elementor-widget-container\">\n\t\t\t<div class=\"elementor-image-box-wrapper\"><figure class=\"elementor-image-box-img\"><img decoding=\"async\" width=\"150\" height=\"150\" src=\"https:\/\/gsalbayane.ma\/site\/wp-content\/uploads\/2024\/07\/message_12712025-150x150.png\" class=\"attachment-thumbnail size-thumbnail wp-image-18702\" alt=\"\" srcset=\"https:\/\/gsalbayane.ma\/site\/wp-content\/uploads\/2024\/07\/message_12712025-150x150.png 150w, https:\/\/gsalbayane.ma\/site\/wp-content\/uploads\/2024\/07\/message_12712025-300x300.png 300w, https:\/\/gsalbayane.ma\/site\/wp-content\/uploads\/2024\/07\/message_12712025-100x100.png 100w, https:\/\/gsalbayane.ma\/site\/wp-content\/uploads\/2024\/07\/message_12712025.png 512w\" sizes=\"(max-width: 150px) 100vw, 150px\" \/><\/figure><div class=\"elementor-image-box-content\"><h3 class=\"elementor-image-box-title\">CITOYENNET\u00c9<\/h3><p class=\"elementor-image-box-description\">Dans notre groupe scolaire, notre pr\u00e9occupation est avant tout de d\u00e9velopper chez l'enfant le sens des responsabilit\u00e9s et l'amour pour son pays et sa plan\u00e8te. Pour en faire un citoyen capable de b\u00e2tir un avenir meilleur.<\/p><\/div><\/div>\t\t<\/div>\n\t\t\t\t<\/div>\n\t\t\t\t<\/div>\n\t\t\t\t<\/div>\n\t\t\t\t<\/div>\n\t\t","protected":false},"excerpt":{"rendered":"<p>Nos Axes P\u00e9dagogiques \u00e0 GSBA CONNECTIVIT\u00c9 Nous sommes un groupe scolaire qui se dit digital car nous accordons une place capitale au bon usage des nouvelles technologies, pour apprendre \u00e0 l\u2019enfant \u00e0 les exploiter \u00e0 bon escient. PLURILINGUISME Commencer l\u2019apprentissage d\u2019une langue \u00e9trang\u00e8re tr\u00e8s t\u00f4t pour un enfant peut s\u2019av\u00e9rer primordial pour le d\u00e9velopper de&#8230;<\/p>\n","protected":false},"author":1,"featured_media":0,"parent":0,"menu_order":0,"comment_status":"closed","ping_status":"closed","template":"","meta":{"footnotes":""},"class_list":["post-6316","page","type-page","status-publish","hentry"],"_links":{"self":[{"href":"https:\/\/gsalbayane.ma\/site\/wp-json\/wp\/v2\/pages\/6316","targetHints":{"allow":["GET"]}}],"collection":[{"href":"https:\/\/gsalbayane.ma\/site\/wp-json\/wp\/v2\/pages"}],"about":[{"href":"https:\/\/gsalbayane.ma\/site\/wp-json\/wp\/v2\/types\/page"}],"author":[{"embeddable":true,"href":"https:\/\/gsalbayane.ma\/site\/wp-json\/wp\/v2\/users\/1"}],"replies":[{"embeddable":true,"href":"https:\/\/gsalbayane.ma\/site\/wp-json\/wp\/v2\/comments?post=6316"}],"version-history":[{"count":81,"href":"https:\/\/gsalbayane.ma\/site\/wp-json\/wp\/v2\/pages\/6316\/revisions"}],"predecessor-version":[{"id":19117,"href":"https:\/\/gsalbayane.ma\/site\/wp-json\/wp\/v2\/pages\/6316\/revisions\/19117"}],"wp:attachment":[{"href":"https:\/\/gsalbayane.ma\/site\/wp-json\/wp\/v2\/media?parent=6316"}],"curies":[{"name":"wp","href":"https:\/\/api.w.org\/{rel}","templated":true}]}}